{"id":3163,"date":"2024-02-24T23:54:21","date_gmt":"2024-02-24T22:54:21","guid":{"rendered":"https:\/\/karpie-koi.pl\/?post_type=product&#038;p=3163"},"modified":"2024-02-24T23:56:59","modified_gmt":"2024-02-24T22:56:59","slug":"karp-koi1-42-52-cm","status":"publish","type":"product","link":"https:\/\/karpie-koi.pl\/index.php\/produkt\/karp-koi1-42-52-cm\/","title":{"rendered":"Karp koi(1) 42-52 cm"},"content":{"rendered":"<div id=\"productDescription\" class=\"content\">\n<p>Karp koi 42-52 cm<\/p>\n<p><strong>\u00a0Zdj\u0119cia przedstawiaj\u0105 ryb\u0119 do sprzedania.<\/strong><\/p>\n<\/div>\n","protected":false},"excerpt":{"rendered":"<p>Karp koi 42-52 cm<\/p>\n","protected":false},"featured_media":3164,"template":"","meta":{"_monsterinsights_skip_tracking":false,"_monsterinsights_sitenote_active":false,"_monsterinsights_sitenote_note":"","_monsterinsights_sitenote_category":0},"product_brand":[],"product_cat":[29,17],"product_tag":[21,20,28],"class_list":{"0":"post-3163","1":"product","2":"type-product","3":"status-publish","4":"has-post-thumbnail","6":"product_cat-japan-koi","7":"product_cat-karpie-koi","8":"product_tag-karpie-koi-sprzedaz","9":"product_tag-koi-karp","10":"product_tag-sprzedaz","12":"first","13":"instock","14":"sold-individually","15":"taxable","16":"shipping-taxable","17":"purchasable","18":"product-type-simple"},"_links":{"self":[{"href":"https:\/\/karpie-koi.pl\/index.php\/wp-json\/wp\/v2\/product\/3163","targetHints":{"allow":["GET"]}}],"collection":[{"href":"https:\/\/karpie-koi.pl\/index.php\/wp-json\/wp\/v2\/product"}],"about":[{"href":"https:\/\/karpie-koi.pl\/index.php\/wp-json\/wp\/v2\/types\/product"}],"wp:featuredmedia":[{"embeddable":true,"href":"https:\/\/karpie-koi.pl\/index.php\/wp-json\/wp\/v2\/media\/3164"}],"wp:attachment":[{"href":"https:\/\/karpie-koi.pl\/index.php\/wp-json\/wp\/v2\/media?parent=3163"}],"wp:term":[{"taxonomy":"product_brand","embeddable":true,"href":"https:\/\/karpie-koi.pl\/index.php\/wp-json\/wp\/v2\/product_brand?post=3163"},{"taxonomy":"product_cat","embeddable":true,"href":"https:\/\/karpie-koi.pl\/index.php\/wp-json\/wp\/v2\/product_cat?post=3163"},{"taxonomy":"product_tag","embeddable":true,"href":"https:\/\/karpie-koi.pl\/index.php\/wp-json\/wp\/v2\/product_tag?post=3163"}],"curies":[{"name":"wp","href":"https:\/\/api.w.org\/{rel}","templated":true}]}}